{"id":107,"date":"2025-08-06T15:05:23","date_gmt":"2025-08-06T18:05:23","guid":{"rendered":"https:\/\/jcamargoadvogados.com.br\/site\/?page_id=107"},"modified":"2025-08-07T15:01:02","modified_gmt":"2025-08-07T18:01:02","slug":"missao-visao-e-valores","status":"publish","type":"page","link":"https:\/\/jcamargoadvogados.com.br\/site\/missao-visao-e-valores\/","title":{"rendered":"Valores"},"content":{"rendered":"<div class=\"wp-block-group alignwide has-global-padding is-layout-constrained wp-block-group-is-layout-constrained\"><div class=\"wp-block-group alignwide is-vertical is-layout-flex wp-container-core-group-is-layout-f9c6e637 wp-block-group-is-layout-flex\" style=\"margin-top:var(--wp--preset--spacing--10);margin-bottom:var(--wp--preset--spacing--10);padding-right:var(--wp--preset--spacing--40);padding-left:var(--wp--preset--spacing--40)\"><h1 class=\"wp-block-heading\"><strong>Miss\u00e3o, vis\u00e3o e valores<\/strong><\/h1>\n\n<p class=\"has-medium-font-size\">A \u00e9tica e a transpar\u00eancia s\u00e3o os pilares que norteiam cada a\u00e7\u00e3o, fortalecendo a rela\u00e7\u00e3o de confian\u00e7a com nossos clientes.<\/p>\n\n<p class=\"has-medium-font-size\">A busca pela excel\u00eancia \u00e9 guiada por princ\u00edpios s\u00f3lidos, assegurando decis\u00f5es estrat\u00e9gicas e rela\u00e7\u00f5es baseadas no respeito e na credibilidade.<\/p><\/div><\/div><div class=\"wp-block-columns alignwide has-contrast-background-color has-background is-layout-flex wp-container-core-columns-is-layout-c138e2c3 wp-block-columns-is-layout-flex rbc-is-hidden-on-mobile\" style=\"padding-top:var(--wp--preset--spacing--30);padding-right:60px;padding-bottom:var(--wp--preset--spacing--30);padding-left:60px\"><div class=\"wp-block-column is-layout-flow wp-block-column-is-layout-flow\" style=\"flex-basis:33.33%\"><figure class=\"wp-block-image size-full is-resized\"><img fetchpriority=\"high\" decoding=\"async\" width=\"400\" height=\"291\" src=\"https:\/\/jcamargoadvogados.com.br\/site\/wp-content\/uploads\/2025\/08\/visao-1.jpg\" alt=\"Foto de um martelo tradicional de juiz.\" class=\"wp-image-115\" style=\"width:493px;height:auto\" srcset=\"https:\/\/jcamargoadvogados.com.br\/site\/wp-content\/uploads\/2025\/08\/visao-1.jpg 400w, https:\/\/jcamargoadvogados.com.br\/site\/wp-content\/uploads\/2025\/08\/visao-1-300x218.jpg 300w\" sizes=\"(max-width: 400px) 100vw, 400px\" \/><\/figure><\/div>\n\n<div class=\"wp-block-column is-vertically-aligned-center is-layout-flow wp-block-column-is-layout-flow\" style=\"flex-basis:66.66%\"><div style=\"height:12px\" aria-hidden=\"true\" class=\"wp-block-spacer\"><\/div>\n\n<h2 class=\"wp-block-heading alignwide has-base-2-color has-text-color has-link-color wp-elements-cff1fd79734c9e555ecfdda0e58c2d00\"><strong>MISS\u00c3O<\/strong><\/h2>\n\n<p class=\"has-base-2-color has-text-color has-link-color has-medium-font-size wp-elements-42c3a8ac05e2ba189eb6dfd4efca0370\">Um pa\u00eds grande como o Brasil demanda um atendimento jur\u00eddico que respeite as suas diversidades, mas que seja, ao mesmo tempo, uniforme em termos de qualidade t\u00e9cnica e celeridade.<\/p><\/div><\/div><div class=\"wp-block-columns alignwide has-base-2-color has-contrast-background-color has-text-color has-background has-link-color wp-elements-efced7a5ad5e03377a747dfab4fb5631 is-layout-flex wp-container-core-columns-is-layout-a3023bca wp-block-columns-is-layout-flex rbc-is-hidden-on-wide  rbc-is-hidden-on-desktop rbc-is-hidden-on-tablet\" style=\"padding-top:var(--wp--preset--spacing--40);padding-right:60px;padding-bottom:var(--wp--preset--spacing--40);padding-left:60px\"><div class=\"wp-block-column is-vertically-aligned-center is-layout-flow wp-block-column-is-layout-flow\" style=\"flex-basis:66.66%\"><h2 class=\"wp-block-heading has-text-align-right has-base-2-color has-text-color has-link-color wp-elements-1a9bf5a5876dc494cd9e9bfbb10eb1e5\"><strong><strong>MISS\u00c3O<\/strong><\/strong><\/h2>\n\n<p class=\"has-text-align-right\">Um pa\u00eds grande como o Brasil demanda um atendimento jur\u00eddico que respeite as suas diversidades, mas que seja, ao mesmo tempo, uniforme em termos de qualidade t\u00e9cnica e celeridade.<\/p><\/div>\n\n<div class=\"wp-block-column is-layout-flow wp-block-column-is-layout-flow\" style=\"flex-basis:33.33%\"><figure class=\"wp-block-image size-full is-resized\"><img decoding=\"async\" width=\"400\" height=\"291\" src=\"https:\/\/jcamargoadvogados.com.br\/site\/wp-content\/uploads\/2025\/08\/visao-1.jpg\" alt=\"\" class=\"wp-image-115\" style=\"width:257px;height:auto\" srcset=\"https:\/\/jcamargoadvogados.com.br\/site\/wp-content\/uploads\/2025\/08\/visao-1.jpg 400w, https:\/\/jcamargoadvogados.com.br\/site\/wp-content\/uploads\/2025\/08\/visao-1-300x218.jpg 300w\" sizes=\"(max-width: 400px) 100vw, 400px\" \/><\/figure><\/div><\/div><div class=\"wp-block-columns alignwide is-layout-flex wp-container-core-columns-is-layout-26e15f14 wp-block-columns-is-layout-flex\" style=\"padding-top:var(--wp--preset--spacing--30);padding-right:60px;padding-bottom:var(--wp--preset--spacing--30);padding-left:60px\"><div class=\"wp-block-column is-vertically-aligned-center is-layout-flow wp-block-column-is-layout-flow\" style=\"flex-basis:66.66%\"><h2 class=\"wp-block-heading has-text-align-right\"><strong>VIS\u00c3O<\/strong><\/h2>\n\n<p class=\"has-text-align-right\">Prestar assessoria jur\u00eddica empresarial em todo o Brasil com profissionais dedicados, manter o atendimento constante, oferecer qualidade t\u00e9cnica, rapidez e confian\u00e7a.<\/p><\/div>\n\n<div class=\"wp-block-column is-layout-flow wp-block-column-is-layout-flow\" style=\"flex-basis:33.33%\"><figure class=\"wp-block-image size-full\"><img decoding=\"async\" width=\"400\" height=\"291\" src=\"https:\/\/jcamargoadvogados.com.br\/site\/wp-content\/uploads\/2025\/08\/visao.jpg\" alt=\"Foto da deusa da justi\u00e7a.\" class=\"wp-image-122\" srcset=\"https:\/\/jcamargoadvogados.com.br\/site\/wp-content\/uploads\/2025\/08\/visao.jpg 400w, https:\/\/jcamargoadvogados.com.br\/site\/wp-content\/uploads\/2025\/08\/visao-300x218.jpg 300w\" sizes=\"(max-width: 400px) 100vw, 400px\" \/><\/figure><\/div><\/div><div class=\"wp-block-group alignfull has-contrast-background-color has-background has-global-padding is-layout-constrained wp-block-group-is-layout-constrained\" style=\"padding-top:var(--wp--preset--spacing--30);padding-bottom:var(--wp--preset--spacing--30)\"><h2 class=\"wp-block-heading alignwide has-text-align-left has-base-2-color has-text-color has-link-color wp-elements-a8113d7884242d10336fbd5ea34bc523\" style=\"padding-top:var(--wp--preset--spacing--30);padding-right:var(--wp--preset--spacing--50);padding-bottom:var(--wp--preset--spacing--30);padding-left:var(--wp--preset--spacing--50)\"><strong>Valores<\/strong><\/h2>\n\n<div class=\"wp-block-group alignfull has-base-2-color has-contrast-background-color has-text-color has-background has-link-color wp-elements-1c0658a0f41abd9262e51c5d143654e8 has-global-padding is-layout-constrained wp-container-core-group-is-layout-8dd13e6d wp-block-group-is-layout-constrained\" style=\"padding-right:var(--wp--preset--spacing--60);padding-left:var(--wp--preset--spacing--60)\"><div class=\"wp-block-columns alignwide has-tertiary-color has-primary-background-color has-text-color has-background has-link-color wp-elements-c1e5f4f1d46307db2e8f26b37245be8a is-layout-flex wp-container-core-columns-is-layout-cdd07f74 wp-block-columns-is-layout-flex\" style=\"margin-top:69;margin-bottom:0;padding-top:0px;padding-right:0px;padding-bottom:0px;padding-left:0px\"><div class=\"wp-block-column is-layout-flow wp-block-column-is-layout-flow\"><figure class=\"wp-block-image aligncenter size-large is-resized\"><img decoding=\"async\" src=\"https:\/\/giovannazinsly0.wordpress.com\/wp-content\/uploads\/2025\/04\/etica.png?w=300\" alt=\"\u00cdcone de balan\u00e7a.\" class=\"wp-image-258\" style=\"width:89px;height:auto\"\/><\/figure>\n\n<h1 class=\"wp-block-heading has-text-align-center has-base-2-color has-text-color has-link-color wp-elements-90abd4a522660ab1fad12c7cb141c4c8\" style=\"font-size:clamp(0.875rem, 0.875rem + ((1vw - 0.2rem) * 0.708), 1.3rem);\"><strong>\u00c9TICA<\/strong><\/h1>\n\n<p class=\"has-text-align-center\">Como base de todo e qualquer relacionamento pessoal e profissional;<\/p>\n\n<div style=\"height:20px\" aria-hidden=\"true\" class=\"wp-block-spacer\"><\/div><\/div>\n\n<div class=\"wp-block-column is-layout-flow wp-block-column-is-layout-flow\"><figure class=\"wp-block-image aligncenter size-large is-resized\"><img decoding=\"async\" src=\"https:\/\/giovannazinsly0.wordpress.com\/wp-content\/uploads\/2025\/04\/trabalho.png?w=300\" alt=\"\u00cdcone de um livro que conta com uma balan\u00e7a na capa.\" class=\"wp-image-262\" style=\"width:89px\"\/><\/figure>\n\n<h1 class=\"wp-block-heading has-text-align-center has-base-2-color has-text-color has-link-color wp-elements-844cd846c2e4f4bd400b145d8272c78f\" style=\"font-size:clamp(0.875rem, 0.875rem + ((1vw - 0.2rem) * 0.708), 1.3rem);\"><strong>TRABALHO<\/strong><\/h1>\n\n<p class=\"has-text-align-center\">\u00danica forma de se atingir resultados e de se superar limita\u00e7\u00f5es;<\/p><\/div>\n\n<div class=\"wp-block-column is-layout-flow wp-block-column-is-layout-flow\"><figure class=\"wp-block-image aligncenter size-large is-resized\"><img decoding=\"async\" src=\"https:\/\/giovannazinsly0.wordpress.com\/wp-content\/uploads\/2025\/04\/uniao.png?w=300\" alt=\"Jun\u00e7\u00e3o de tr\u00eas m\u00e3os entrela\u00e7adas.\" class=\"wp-image-260\" style=\"width:89px\"\/><\/figure>\n\n<h1 class=\"wp-block-heading has-text-align-center has-base-2-color has-text-color has-link-color wp-elements-34fdafcbc0e32e267813dc55a10389ef\" style=\"font-size:clamp(0.875rem, 0.875rem + ((1vw - 0.2rem) * 0.708), 1.3rem);\"><strong>UNI\u00c3O<\/strong><\/h1>\n\n<p class=\"has-text-align-center\">Uni\u00e3o de esfor\u00e7os e de talentos;<\/p><\/div><\/div>\n\n<div class=\"wp-block-columns alignwide has-primary-background-color has-background is-layout-flex wp-container-core-columns-is-layout-7a9fde90 wp-block-columns-is-layout-flex\" style=\"margin-top:0;margin-bottom:0;padding-right:0px;padding-left:0px\"><div class=\"wp-block-column is-layout-flow wp-block-column-is-layout-flow\"><figure class=\"wp-block-image aligncenter size-large is-resized\"><img decoding=\"async\" src=\"https:\/\/giovannazinsly0.wordpress.com\/wp-content\/uploads\/2025\/04\/qualidade.png?w=300\" alt=\"Selo que representa qualidade.\" class=\"wp-image-265\" style=\"width:89px\"\/><\/figure>\n\n<h2 class=\"wp-block-heading has-text-align-center has-base-2-color has-text-color has-link-color wp-elements-3b80dcac19d341c33950aa16e24d778a\" style=\"font-size:clamp(0.875rem, 0.875rem + ((1vw - 0.2rem) * 0.708), 1.3rem);\"><strong>QUALIDADE<\/strong><\/h2>\n\n<p class=\"has-text-align-center\">Obriga\u00e7\u00e3o prim\u00e1ria em todos os seus neg\u00f3cios;<\/p><\/div>\n\n<div class=\"wp-block-column is-layout-flow wp-block-column-is-layout-flow\"><figure class=\"wp-block-image aligncenter size-large is-resized\"><img decoding=\"async\" src=\"https:\/\/giovannazinsly0.wordpress.com\/wp-content\/uploads\/2025\/04\/gerenciamento.png?w=300\" alt=\"Uma engrenagem com uma pessoa ao meio.\" class=\"wp-image-267\" style=\"width:89px\"\/><\/figure>\n\n<h2 class=\"wp-block-heading has-text-align-center has-base-2-color has-text-color has-link-color wp-elements-48d2d48043682cefeec022bc913d9428\" style=\"font-size:clamp(0.875rem, 0.875rem + ((1vw - 0.2rem) * 0.708), 1.3rem);\"><strong>GERENCIAMENTO<\/strong><\/h2>\n\n<p class=\"has-text-align-center\">Gerenciamento das pessoas e informa\u00e7\u00f5es, e sem isso, o trabalho \u00e9 em v\u00e3o e a qualidade n\u00e3o \u00e9 obtida.<\/p><\/div><\/div><\/div><\/div>","protected":false},"excerpt":{"rendered":"<p>Miss\u00e3o, vis\u00e3o e valores A \u00e9tica e a transpar\u00eancia s\u00e3o os pilares que norteiam cada a\u00e7\u00e3o, fortalecendo a rela\u00e7\u00e3o de confian\u00e7a com nossos clientes. A busca pela excel\u00eancia \u00e9 guiada por princ\u00edpios s\u00f3lidos, assegurando decis\u00f5es estrat\u00e9gicas e rela\u00e7\u00f5es baseadas no respeito e na credibilidade. MISS\u00c3O Um pa\u00eds grande como o Brasil demanda um atendimento jur\u00eddico [&hellip;]<\/p>\n","protected":false},"author":1,"featured_media":0,"parent":0,"menu_order":0,"comment_status":"closed","ping_status":"closed","template":"","meta":{"footnotes":""},"class_list":["post-107","page","type-page","status-publish","hentry"],"_links":{"self":[{"href":"https:\/\/jcamargoadvogados.com.br\/site\/wp-json\/wp\/v2\/pages\/107","targetHints":{"allow":["GET"]}}],"collection":[{"href":"https:\/\/jcamargoadvogados.com.br\/site\/wp-json\/wp\/v2\/pages"}],"about":[{"href":"https:\/\/jcamargoadvogados.com.br\/site\/wp-json\/wp\/v2\/types\/page"}],"author":[{"embeddable":true,"href":"https:\/\/jcamargoadvogados.com.br\/site\/wp-json\/wp\/v2\/users\/1"}],"replies":[{"embeddable":true,"href":"https:\/\/jcamargoadvogados.com.br\/site\/wp-json\/wp\/v2\/comments?post=107"}],"version-history":[{"count":34,"href":"https:\/\/jcamargoadvogados.com.br\/site\/wp-json\/wp\/v2\/pages\/107\/revisions"}],"predecessor-version":[{"id":377,"href":"https:\/\/jcamargoadvogados.com.br\/site\/wp-json\/wp\/v2\/pages\/107\/revisions\/377"}],"wp:attachment":[{"href":"https:\/\/jcamargoadvogados.com.br\/site\/wp-json\/wp\/v2\/media?parent=107"}],"curies":[{"name":"wp","href":"https:\/\/api.w.org\/{rel}","templated":true}]}}