{"id":324,"date":"2025-08-07T11:06:11","date_gmt":"2025-08-07T14:06:11","guid":{"rendered":"https:\/\/jcamargoadvogados.com.br\/site\/?page_id=324"},"modified":"2025-08-07T15:04:30","modified_gmt":"2025-08-07T18:04:30","slug":"equipe","status":"publish","type":"page","link":"https:\/\/jcamargoadvogados.com.br\/site\/equipe\/","title":{"rendered":"Equipe"},"content":{"rendered":"<div class=\"wp-block-group alignwide has-global-padding is-content-justification-left is-layout-constrained wp-container-core-group-is-layout-874729c3 wp-block-group-is-layout-constrained\" style=\"padding-top:0;padding-right:var(--wp--preset--spacing--50);padding-bottom:0;padding-left:var(--wp--preset--spacing--50)\"><h1 class=\"wp-block-heading\"><strong>Nossa Equipe<\/strong><\/h1>\n\n<p>Acreditamos que a excel\u00eancia jur\u00eddica nasce da combina\u00e7\u00e3o de conhecimento t\u00e9cnico, experi\u00eancia e compromisso com nossos clientes.<\/p>\n\n<p>H\u00e1 d\u00e9cadas, oferecemos assessoria jur\u00eddica especializada com foco em solu\u00e7\u00f5es estrat\u00e9gicas, personalizadas e eficazes.<\/p>\n\n<p>Nossa equipe de s\u00f3cios \u00e9 formada por profissionais altamente qualificados, especializados em diversas \u00e1reas do Direito e preparados para oferecer solu\u00e7\u00f5es jur\u00eddicas estrat\u00e9gicas e personalizadas.<\/p><\/div><div style=\"height:33px\" aria-hidden=\"true\" class=\"wp-block-spacer\"><\/div><div class=\"wp-block-group alignfull has-background has-global-padding is-layout-constrained wp-block-group-is-layout-constrained\" style=\"background-color:#e7e7e7;padding-top:var(--wp--preset--spacing--30);padding-bottom:var(--wp--preset--spacing--30)\"><h2 class=\"wp-block-heading alignwide has-text-align-center has-text-color has-link-color has-x-large-font-size wp-elements-153c78467899cf8b462fd331852deb9a\" style=\"color:#172942;padding-right:84px;padding-left:84px\"><strong>Conhe\u00e7a nossos s\u00f3cios<\/strong><\/h2>\n\n<div class=\"wp-block-columns alignwide are-vertically-aligned-center is-layout-flex wp-container-core-columns-is-layout-247b37aa wp-block-columns-is-layout-flex\" style=\"padding-top:var(--wp--preset--spacing--10);padding-right:79px;padding-bottom:var(--wp--preset--spacing--10);padding-left:79px\"><div class=\"wp-block-column is-vertically-aligned-center is-layout-flow wp-block-column-is-layout-flow\"><h2 class=\"wp-block-heading has-text-align-center\" style=\"font-size:clamp(0.929rem, 0.929rem + ((1vw - 0.2rem) * 0.785), 1.4rem);font-style:normal;font-weight:400\">Alexandre Beretta de Queiroz<\/h2>\n\n<p class=\"has-text-align-center\"><strong><em>OAB\/SP 272.805<\/em><\/strong><\/p><\/div>\n\n<div class=\"wp-block-column is-vertically-aligned-center is-layout-flow wp-block-column-is-layout-flow\"><h2 class=\"wp-block-heading has-text-align-center\" style=\"font-size:clamp(0.929rem, 0.929rem + ((1vw - 0.2rem) * 0.785), 1.4rem);font-style:normal;font-weight:400\">Annie Curi G\u00f3is Zinsly<\/h2>\n\n<p class=\"has-text-align-center\"><strong><em>OAB\/SP 192.864<\/em><\/strong><\/p><\/div>\n\n<div class=\"wp-block-column is-vertically-aligned-center is-layout-flow wp-block-column-is-layout-flow\"><h2 class=\"wp-block-heading has-text-align-center\" style=\"font-size:clamp(0.929rem, 0.929rem + ((1vw - 0.2rem) * 0.785), 1.4rem);font-style:normal;font-weight:400\">Jos\u00e9 Od\u00e9cio de Camargo<\/h2>\n\n<p class=\"has-text-align-center\"><strong><em>OAB\/ SP 100.172<\/em><\/strong><\/p><\/div><\/div><\/div>","protected":false},"excerpt":{"rendered":"<p>Nossa Equipe Acreditamos que a excel\u00eancia jur\u00eddica nasce da combina\u00e7\u00e3o de conhecimento t\u00e9cnico, experi\u00eancia e compromisso com nossos clientes. H\u00e1 d\u00e9cadas, oferecemos assessoria jur\u00eddica especializada com foco em solu\u00e7\u00f5es estrat\u00e9gicas, personalizadas e eficazes. Nossa equipe de s\u00f3cios \u00e9 formada por profissionais altamente qualificados, especializados em diversas \u00e1reas do Direito e preparados para oferecer solu\u00e7\u00f5es jur\u00eddicas [&hellip;]<\/p>\n","protected":false},"author":1,"featured_media":0,"parent":0,"menu_order":0,"comment_status":"closed","ping_status":"closed","template":"","meta":{"footnotes":""},"class_list":["post-324","page","type-page","status-publish","hentry"],"_links":{"self":[{"href":"https:\/\/jcamargoadvogados.com.br\/site\/wp-json\/wp\/v2\/pages\/324","targetHints":{"allow":["GET"]}}],"collection":[{"href":"https:\/\/jcamargoadvogados.com.br\/site\/wp-json\/wp\/v2\/pages"}],"about":[{"href":"https:\/\/jcamargoadvogados.com.br\/site\/wp-json\/wp\/v2\/types\/page"}],"author":[{"embeddable":true,"href":"https:\/\/jcamargoadvogados.com.br\/site\/wp-json\/wp\/v2\/users\/1"}],"replies":[{"embeddable":true,"href":"https:\/\/jcamargoadvogados.com.br\/site\/wp-json\/wp\/v2\/comments?post=324"}],"version-history":[{"count":8,"href":"https:\/\/jcamargoadvogados.com.br\/site\/wp-json\/wp\/v2\/pages\/324\/revisions"}],"predecessor-version":[{"id":384,"href":"https:\/\/jcamargoadvogados.com.br\/site\/wp-json\/wp\/v2\/pages\/324\/revisions\/384"}],"wp:attachment":[{"href":"https:\/\/jcamargoadvogados.com.br\/site\/wp-json\/wp\/v2\/media?parent=324"}],"curies":[{"name":"wp","href":"https:\/\/api.w.org\/{rel}","templated":true}]}}