{"id":75,"date":"2025-08-06T15:07:36","date_gmt":"2025-08-06T18:07:36","guid":{"rendered":"https:\/\/jcamargoadvogados.com.br\/site\/?page_id=75"},"modified":"2025-08-07T13:25:37","modified_gmt":"2025-08-07T16:25:37","slug":"sobre-nos","status":"publish","type":"page","link":"https:\/\/jcamargoadvogados.com.br\/site\/sobre-nos\/","title":{"rendered":"Sobre n\u00f3s"},"content":{"rendered":"<div class=\"wp-block-columns alignwide are-vertically-aligned-bottom is-layout-flex wp-container-core-columns-is-layout-f0fa3eb7 wp-block-columns-is-layout-flex\" style=\"padding-right:var(--wp--preset--spacing--50);padding-left:var(--wp--preset--spacing--50)\"><div class=\"wp-block-column is-vertically-aligned-bottom is-layout-flow wp-block-column-is-layout-flow\"><p><strong>JCamargo Advogados<\/strong><\/p>\n\n<h2 class=\"wp-block-heading\"><strong>Sobre n\u00f3s<\/strong><\/h2>\n\n<p>Somos um Escrit\u00f3rio de Advocacia <strong>fundado em 1989&nbsp;<\/strong>com atua\u00e7\u00e3o harm\u00f4nica em todas as \u00e1reas do direito,&nbsp;oferecendo assist\u00eancia legal a clientes nacionais e internacionais.<\/p>\n\n<p>Com uma <strong>equipe altamente qualificada<\/strong>, proporcionamos um atendimento eficiente, transparente e comprometido com a excel\u00eancia.&nbsp;<\/p><\/div>\n\n<div class=\"wp-block-column is-vertically-aligned-bottom is-layout-flow wp-block-column-is-layout-flow\"><figure class=\"wp-block-image size-full is-resized\"><img fetchpriority=\"high\" decoding=\"async\" width=\"567\" height=\"794\" src=\"https:\/\/jcamargoadvogados.com.br\/site\/wp-content\/uploads\/2025\/08\/Sobrenos-02.jpg\" alt=\"Imagem conta com dois homens ao fundo, desfocados. Ambos usam terno e gravata.\" class=\"wp-image-43\" style=\"width:412px;height:auto\" srcset=\"https:\/\/jcamargoadvogados.com.br\/site\/wp-content\/uploads\/2025\/08\/Sobrenos-02.jpg 567w, https:\/\/jcamargoadvogados.com.br\/site\/wp-content\/uploads\/2025\/08\/Sobrenos-02-214x300.jpg 214w\" sizes=\"(max-width: 567px) 100vw, 567px\" \/><\/figure><\/div><\/div><div style=\"height:5px\" aria-hidden=\"true\" class=\"wp-block-spacer\"><\/div><div class=\"wp-block-cover alignfull\" style=\"margin-top:0;margin-bottom:0;padding-top:0;padding-bottom:0\"><img decoding=\"async\" width=\"1000\" height=\"414\" class=\"wp-block-cover__image-background wp-image-44\" alt=\"\" src=\"https:\/\/jcamargoadvogados.com.br\/site\/wp-content\/uploads\/2025\/08\/Sobrenos-01.jpg\" data-object-fit=\"cover\" srcset=\"https:\/\/jcamargoadvogados.com.br\/site\/wp-content\/uploads\/2025\/08\/Sobrenos-01.jpg 1000w, https:\/\/jcamargoadvogados.com.br\/site\/wp-content\/uploads\/2025\/08\/Sobrenos-01-300x124.jpg 300w, https:\/\/jcamargoadvogados.com.br\/site\/wp-content\/uploads\/2025\/08\/Sobrenos-01-768x318.jpg 768w\" sizes=\"(max-width: 1000px) 100vw, 1000px\" \/><span aria-hidden=\"true\" class=\"wp-block-cover__background has-background-dim\"><\/span><div class=\"wp-block-cover__inner-container is-layout-flow wp-container-core-cover-is-layout-9ab453a5 wp-block-cover-is-layout-flow\"><p class=\"has-text-align-center has-x-large-font-size\" style=\"padding-right:var(--wp--preset--spacing--60);padding-left:var(--wp--preset--spacing--60)\"><strong>Para n\u00f3s, a advocacia vai al\u00e9m da aplica\u00e7\u00e3o da lei.<\/strong><\/p>\n\n<p class=\"has-text-align-center\" style=\"padding-right:var(--wp--preset--spacing--50);padding-left:var(--wp--preset--spacing--50);font-size:clamp(0.984rem, 0.984rem + ((1vw - 0.2rem) * 0.86), 1.5rem);\">Nosso prop\u00f3sito \u00e9 atuar como&nbsp;<strong>parceiros estrat\u00e9gicos<\/strong>&nbsp;de nossos clientes, oferecendo&nbsp;<strong>orienta\u00e7\u00e3o jur\u00eddica clara e assertiva<\/strong>, sempre pautada pela \u00e9tica, profissionalismo e respeito.<\/p><\/div><\/div><div class=\"wp-block-group alignfull has-background has-global-padding is-layout-constrained wp-block-group-is-layout-constrained\" style=\"background-color:#e7e7e7;padding-top:var(--wp--preset--spacing--30);padding-bottom:var(--wp--preset--spacing--30)\"><h2 class=\"wp-block-heading alignwide has-text-align-center has-text-color has-link-color has-x-large-font-size wp-elements-153c78467899cf8b462fd331852deb9a\" style=\"color:#172942;padding-right:84px;padding-left:84px\"><strong>Conhe\u00e7a nossos s\u00f3cios<\/strong><\/h2>\n\n<div class=\"wp-block-columns alignwide are-vertically-aligned-center is-layout-flex wp-container-core-columns-is-layout-247b37aa wp-block-columns-is-layout-flex\" style=\"padding-top:var(--wp--preset--spacing--10);padding-right:79px;padding-bottom:var(--wp--preset--spacing--10);padding-left:79px\"><div class=\"wp-block-column is-vertically-aligned-center is-layout-flow wp-block-column-is-layout-flow\"><h2 class=\"wp-block-heading has-text-align-center\" style=\"font-size:clamp(0.929rem, 0.929rem + ((1vw - 0.2rem) * 0.785), 1.4rem);font-style:normal;font-weight:400\">Alexandre Beretta de Queiroz<\/h2>\n\n<p class=\"has-text-align-center\"><strong><em>OAB\/SP 272.805<\/em><\/strong><\/p><\/div>\n\n<div class=\"wp-block-column is-vertically-aligned-center is-layout-flow wp-block-column-is-layout-flow\"><h2 class=\"wp-block-heading has-text-align-center\" style=\"font-size:clamp(0.929rem, 0.929rem + ((1vw - 0.2rem) * 0.785), 1.4rem);font-style:normal;font-weight:400\">Annie Curi G\u00f3is Zinsly<\/h2>\n\n<p class=\"has-text-align-center\"><strong><em>OAB\/SP 192.864<\/em><\/strong><\/p><\/div>\n\n<div class=\"wp-block-column is-vertically-aligned-center is-layout-flow wp-block-column-is-layout-flow\"><h2 class=\"wp-block-heading has-text-align-center\" style=\"font-size:clamp(0.929rem, 0.929rem + ((1vw - 0.2rem) * 0.785), 1.4rem);font-style:normal;font-weight:400\">Jos\u00e9 Od\u00e9cio de Camargo<\/h2>\n\n<p class=\"has-text-align-center\"><strong><em>OAB\/ SP 100.172<\/em><\/strong><\/p><\/div><\/div><\/div>","protected":false},"excerpt":{"rendered":"<p>JCamargo Advogados Sobre n\u00f3s Somos um Escrit\u00f3rio de Advocacia fundado em 1989&nbsp;com atua\u00e7\u00e3o harm\u00f4nica em todas as \u00e1reas do direito,&nbsp;oferecendo assist\u00eancia legal a clientes nacionais e internacionais. Com uma equipe altamente qualificada, proporcionamos um atendimento eficiente, transparente e comprometido com a excel\u00eancia.&nbsp;<\/p>\n","protected":false},"author":1,"featured_media":0,"parent":0,"menu_order":0,"comment_status":"closed","ping_status":"closed","template":"","meta":{"footnotes":""},"class_list":["post-75","page","type-page","status-publish","hentry"],"_links":{"self":[{"href":"https:\/\/jcamargoadvogados.com.br\/site\/wp-json\/wp\/v2\/pages\/75","targetHints":{"allow":["GET"]}}],"collection":[{"href":"https:\/\/jcamargoadvogados.com.br\/site\/wp-json\/wp\/v2\/pages"}],"about":[{"href":"https:\/\/jcamargoadvogados.com.br\/site\/wp-json\/wp\/v2\/types\/page"}],"author":[{"embeddable":true,"href":"https:\/\/jcamargoadvogados.com.br\/site\/wp-json\/wp\/v2\/users\/1"}],"replies":[{"embeddable":true,"href":"https:\/\/jcamargoadvogados.com.br\/site\/wp-json\/wp\/v2\/comments?post=75"}],"version-history":[{"count":8,"href":"https:\/\/jcamargoadvogados.com.br\/site\/wp-json\/wp\/v2\/pages\/75\/revisions"}],"predecessor-version":[{"id":347,"href":"https:\/\/jcamargoadvogados.com.br\/site\/wp-json\/wp\/v2\/pages\/75\/revisions\/347"}],"wp:attachment":[{"href":"https:\/\/jcamargoadvogados.com.br\/site\/wp-json\/wp\/v2\/media?parent=75"}],"curies":[{"name":"wp","href":"https:\/\/api.w.org\/{rel}","templated":true}]}}