{"id":93,"date":"2025-08-06T14:54:04","date_gmt":"2025-08-06T17:54:04","guid":{"rendered":"https:\/\/jcamargoadvogados.com.br\/site\/?page_id=93"},"modified":"2025-08-07T14:57:19","modified_gmt":"2025-08-07T17:57:19","slug":"areas-de-atuacao","status":"publish","type":"page","link":"https:\/\/jcamargoadvogados.com.br\/site\/areas-de-atuacao\/","title":{"rendered":"\u00c1reas de Atua\u00e7\u00e3o"},"content":{"rendered":"<div class=\"wp-block-group alignfull is-vertical is-content-justification-left is-layout-flex wp-container-core-group-is-layout-306ce684 wp-block-group-is-layout-flex\" style=\"padding-right:var(--wp--preset--spacing--60);padding-left:var(--wp--preset--spacing--60)\"><div class=\"wp-block-group has-global-padding is-layout-constrained wp-block-group-is-layout-constrained\"><h1 class=\"wp-block-heading\"><strong>\u00c1reas de Atua\u00e7\u00e3o<\/strong><\/h1>\n\n<p>Combinamos experi\u00eancia, estrat\u00e9gia e inova\u00e7\u00e3o para oferecer <strong>solu\u00e7\u00f5es jur\u00eddicas eficientes e personalizadas<\/strong>. Atuamos com excel\u00eancia em diversas \u00e1reas do Direito, sempre com foco na defesa dos interesses de nossos clientes.<\/p><\/div><\/div><div class=\"wp-block-columns alignwide has-background is-layout-flex wp-container-core-columns-is-layout-3e948d15 wp-block-columns-is-layout-flex\" style=\"background-color:#e4e4e4;padding-top:var(--wp--preset--spacing--30);padding-right:var(--wp--preset--spacing--50);padding-bottom:var(--wp--preset--spacing--30);padding-left:var(--wp--preset--spacing--50)\"><div class=\"wp-block-column is-vertically-aligned-center has-background-background-color has-background is-layout-flow wp-block-column-is-layout-flow\" style=\"flex-basis:66.66%\"><div style=\"height:0px\" aria-hidden=\"true\" class=\"wp-block-spacer\"><\/div>\n\n<h2 class=\"wp-block-heading\"><strong>Direito Banc\u00e1rio<\/strong><\/h2>\n\n<p class=\"has-medium-font-size\"><strong>Atua\u00e7\u00e3o consultiva e contenciosa<\/strong> para institui\u00e7\u00f5es financeiras e clientes corporativos.<\/p><\/div>\n\n<div class=\"wp-block-column is-layout-flow wp-block-column-is-layout-flow\" style=\"flex-basis:33.33%\"><figure class=\"wp-block-image aligncenter size-full\"><img fetchpriority=\"high\" decoding=\"async\" width=\"954\" height=\"500\" src=\"https:\/\/jcamargoadvogados.com.br\/site\/wp-content\/uploads\/2025\/08\/02-Bancario.jpg\" alt=\"Foto que ilustra o direito banc\u00e1rio e conta com uma m\u00e3o segurando um cart\u00e3o de cr\u00e9dito.\" class=\"wp-image-96\" srcset=\"https:\/\/jcamargoadvogados.com.br\/site\/wp-content\/uploads\/2025\/08\/02-Bancario.jpg 954w, https:\/\/jcamargoadvogados.com.br\/site\/wp-content\/uploads\/2025\/08\/02-Bancario-300x157.jpg 300w, https:\/\/jcamargoadvogados.com.br\/site\/wp-content\/uploads\/2025\/08\/02-Bancario-768x403.jpg 768w\" sizes=\"(max-width: 954px) 100vw, 954px\" \/><\/figure><\/div><\/div><div class=\"wp-block-columns alignwide is-layout-flex wp-container-core-columns-is-layout-3e948d15 wp-block-columns-is-layout-flex rbc-is-hidden-on-wide  rbc-is-hidden-on-desktop rbc-is-hidden-on-tablet\" style=\"padding-top:var(--wp--preset--spacing--30);padding-right:var(--wp--preset--spacing--50);padding-bottom:var(--wp--preset--spacing--30);padding-left:var(--wp--preset--spacing--50)\"><div class=\"wp-block-column is-vertically-aligned-center has-background-background-color has-background is-layout-flow wp-block-column-is-layout-flow\" style=\"flex-basis:66.66%\"><div style=\"height:0px\" aria-hidden=\"true\" class=\"wp-block-spacer\"><\/div>\n\n<h2 class=\"wp-block-heading\"><strong><strong>Direito Empresarial<\/strong><\/strong><\/h2>\n\n<p class=\"has-medium-font-size\">Protegemos e potencializamos o crescimento do seu neg\u00f3cio, oferecendo <strong>suporte jur\u00eddico completo <\/strong>para empresas de todos os portes.<\/p><\/div>\n\n<div class=\"wp-block-column is-layout-flow wp-block-column-is-layout-flow\" style=\"flex-basis:33.33%\"><figure class=\"wp-block-image aligncenter size-full\"><img decoding=\"async\" width=\"954\" height=\"500\" src=\"https:\/\/jcamargoadvogados.com.br\/site\/wp-content\/uploads\/2025\/08\/02-Empresarial.jpg\" alt=\"\" class=\"wp-image-94\" srcset=\"https:\/\/jcamargoadvogados.com.br\/site\/wp-content\/uploads\/2025\/08\/02-Empresarial.jpg 954w, https:\/\/jcamargoadvogados.com.br\/site\/wp-content\/uploads\/2025\/08\/02-Empresarial-300x157.jpg 300w, https:\/\/jcamargoadvogados.com.br\/site\/wp-content\/uploads\/2025\/08\/02-Empresarial-768x403.jpg 768w\" sizes=\"(max-width: 954px) 100vw, 954px\" \/><\/figure><\/div><\/div><div class=\"wp-block-columns alignwide is-layout-flex wp-container-core-columns-is-layout-e658cbbb wp-block-columns-is-layout-flex rbc-is-hidden-on-mobile\" style=\"padding-top:var(--wp--preset--spacing--20);padding-right:var(--wp--preset--spacing--50);padding-bottom:var(--wp--preset--spacing--20);padding-left:var(--wp--preset--spacing--50)\"><div class=\"wp-block-column is-layout-flow wp-block-column-is-layout-flow\" style=\"flex-basis:33.33%\"><figure class=\"wp-block-image aligncenter size-full is-resized\"><img decoding=\"async\" width=\"954\" height=\"500\" src=\"https:\/\/jcamargoadvogados.com.br\/site\/wp-content\/uploads\/2025\/08\/02-Empresarial.jpg\" alt=\"Foto que ilustra o direito empresarial e conta com dois homens ao lado de uma mulher, todos vestidos de terno.\" class=\"wp-image-94\" style=\"width:336px;height:auto\" srcset=\"https:\/\/jcamargoadvogados.com.br\/site\/wp-content\/uploads\/2025\/08\/02-Empresarial.jpg 954w, https:\/\/jcamargoadvogados.com.br\/site\/wp-content\/uploads\/2025\/08\/02-Empresarial-300x157.jpg 300w, https:\/\/jcamargoadvogados.com.br\/site\/wp-content\/uploads\/2025\/08\/02-Empresarial-768x403.jpg 768w\" sizes=\"(max-width: 954px) 100vw, 954px\" \/><\/figure><\/div>\n\n<div class=\"wp-block-column is-vertically-aligned-center is-layout-flow wp-block-column-is-layout-flow\" style=\"flex-basis:66.66%\"><h2 class=\"wp-block-heading\"><strong>Direito Empresarial<\/strong><\/h2>\n\n<p class=\"has-medium-font-size\">Protegemos e potencializamos o crescimento do seu neg\u00f3cio, oferecendo <strong>suporte jur\u00eddico completo <\/strong>para empresas de todos os portes.<\/p><\/div><\/div><div class=\"wp-block-columns alignwide has-background is-layout-flex wp-container-core-columns-is-layout-3e948d15 wp-block-columns-is-layout-flex\" style=\"background-color:#e4e4e4;padding-top:var(--wp--preset--spacing--30);padding-right:var(--wp--preset--spacing--50);padding-bottom:var(--wp--preset--spacing--30);padding-left:var(--wp--preset--spacing--50)\"><div class=\"wp-block-column is-vertically-aligned-center has-background-background-color has-background is-layout-flow wp-block-column-is-layout-flow\" style=\"flex-basis:66.66%\"><div style=\"height:0px\" aria-hidden=\"true\" class=\"wp-block-spacer\"><\/div>\n\n<h2 class=\"wp-block-heading\"><strong><strong>Direito Imobili\u00e1rio<\/strong><\/strong><\/h2>\n\n<p class=\"has-medium-font-size\">Atua\u00e7\u00e3o <strong>estrat\u00e9gica <\/strong>na regulariza\u00e7\u00e3o de im\u00f3veis, elabora\u00e7\u00e3o e an\u00e1lise de contratos, incorpora\u00e7\u00f5es e resolu\u00e7\u00e3o de disputas no setor.<\/p><\/div>\n\n<div class=\"wp-block-column is-layout-flow wp-block-column-is-layout-flow\" style=\"flex-basis:33.33%\"><figure class=\"wp-block-image aligncenter size-full is-resized\"><img loading=\"lazy\" decoding=\"async\" width=\"954\" height=\"500\" src=\"https:\/\/jcamargoadvogados.com.br\/site\/wp-content\/uploads\/2025\/08\/02-Imobiliario.jpg\" alt=\"Foto que ilustra direito imobili\u00e1rio e conta com dois pr\u00e9dios vistos de baixo.\" class=\"wp-image-95\" style=\"width:336px\" srcset=\"https:\/\/jcamargoadvogados.com.br\/site\/wp-content\/uploads\/2025\/08\/02-Imobiliario.jpg 954w, https:\/\/jcamargoadvogados.com.br\/site\/wp-content\/uploads\/2025\/08\/02-Imobiliario-300x157.jpg 300w, https:\/\/jcamargoadvogados.com.br\/site\/wp-content\/uploads\/2025\/08\/02-Imobiliario-768x403.jpg 768w\" sizes=\"(max-width: 954px) 100vw, 954px\" \/><\/figure><\/div><\/div><div class=\"wp-block-columns alignwide is-layout-flex wp-container-core-columns-is-layout-2f488682 wp-block-columns-is-layout-flex rbc-is-hidden-on-mobile\" style=\"padding-top:var(--wp--preset--spacing--20);padding-right:var(--wp--preset--spacing--50);padding-bottom:var(--wp--preset--spacing--20);padding-left:var(--wp--preset--spacing--50)\"><div class=\"wp-block-column is-layout-flow wp-block-column-is-layout-flow\" style=\"flex-basis:33.33%\"><figure class=\"wp-block-image aligncenter size-full is-resized\"><img loading=\"lazy\" decoding=\"async\" width=\"954\" height=\"500\" src=\"https:\/\/jcamargoadvogados.com.br\/site\/wp-content\/uploads\/2025\/08\/02-Internacional.jpg\" alt=\"Foto que ilustra direito internacional e conta com um globo\" class=\"wp-image-97\" style=\"width:336px;height:auto\" srcset=\"https:\/\/jcamargoadvogados.com.br\/site\/wp-content\/uploads\/2025\/08\/02-Internacional.jpg 954w, https:\/\/jcamargoadvogados.com.br\/site\/wp-content\/uploads\/2025\/08\/02-Internacional-300x157.jpg 300w, https:\/\/jcamargoadvogados.com.br\/site\/wp-content\/uploads\/2025\/08\/02-Internacional-768x403.jpg 768w\" sizes=\"(max-width: 954px) 100vw, 954px\" \/><\/figure><\/div>\n\n<div class=\"wp-block-column is-vertically-aligned-center is-layout-flow wp-block-column-is-layout-flow\" style=\"flex-basis:66.66%\"><h2 class=\"wp-block-heading\"><strong><strong>Direito Internacional<\/strong><\/strong><\/h2>\n\n<p class=\"has-medium-font-size\">Consultoria jur\u00eddica em <strong>neg\u00f3cios internacionais<\/strong>, contratos comerciais, disputas transnacionais e assessoria em quest\u00f5es de direito internacional privado.<\/p><\/div><\/div><div class=\"wp-block-columns alignwide is-layout-flex wp-container-core-columns-is-layout-3e948d15 wp-block-columns-is-layout-flex rbc-is-hidden-on-wide  rbc-is-hidden-on-desktop rbc-is-hidden-on-tablet\" style=\"padding-top:var(--wp--preset--spacing--30);padding-right:var(--wp--preset--spacing--50);padding-bottom:var(--wp--preset--spacing--30);padding-left:var(--wp--preset--spacing--50)\"><div class=\"wp-block-column is-vertically-aligned-center has-background-background-color has-background is-layout-flow wp-block-column-is-layout-flow\" style=\"flex-basis:66.66%\"><div style=\"height:0px\" aria-hidden=\"true\" class=\"wp-block-spacer\"><\/div>\n\n<h2 class=\"wp-block-heading\"><strong><strong><strong><strong>Direito Internacional<\/strong><\/strong><\/strong><\/strong><\/h2>\n\n<p class=\"has-medium-font-size\">Consultoria jur\u00eddica em <strong>neg\u00f3cios internacionais<\/strong>, contratos comerciais, disputas transnacionais e assessoria em quest\u00f5es de direito internacional privado.<\/p><\/div>\n\n<div class=\"wp-block-column is-layout-flow wp-block-column-is-layout-flow\" style=\"flex-basis:33.33%\"><figure class=\"wp-block-image aligncenter size-full\"><img loading=\"lazy\" decoding=\"async\" width=\"954\" height=\"500\" src=\"https:\/\/jcamargoadvogados.com.br\/site\/wp-content\/uploads\/2025\/08\/02-Internacional.jpg\" alt=\"\" class=\"wp-image-97\" srcset=\"https:\/\/jcamargoadvogados.com.br\/site\/wp-content\/uploads\/2025\/08\/02-Internacional.jpg 954w, https:\/\/jcamargoadvogados.com.br\/site\/wp-content\/uploads\/2025\/08\/02-Internacional-300x157.jpg 300w, https:\/\/jcamargoadvogados.com.br\/site\/wp-content\/uploads\/2025\/08\/02-Internacional-768x403.jpg 768w\" sizes=\"(max-width: 954px) 100vw, 954px\" \/><\/figure><\/div><\/div><div class=\"wp-block-columns alignwide has-background is-layout-flex wp-container-core-columns-is-layout-3e948d15 wp-block-columns-is-layout-flex\" style=\"background-color:#e4e4e4;padding-top:var(--wp--preset--spacing--30);padding-right:var(--wp--preset--spacing--50);padding-bottom:var(--wp--preset--spacing--30);padding-left:var(--wp--preset--spacing--50)\"><div class=\"wp-block-column is-vertically-aligned-center has-background-background-color has-background is-layout-flow wp-block-column-is-layout-flow\" style=\"flex-basis:66.66%\"><div style=\"height:0px\" aria-hidden=\"true\" class=\"wp-block-spacer\"><\/div>\n\n<h2 class=\"wp-block-heading\"><strong><strong><strong>Direito Trabalhista<\/strong><\/strong><\/strong><\/h2>\n\n<p class=\"has-medium-font-size\">Assessoria jur\u00eddicas em diversas <strong>quest\u00f5es trabalhistas<\/strong>, oferecendo suporte estrat\u00e9gico para a melhor condu\u00e7\u00e3o das rela\u00e7\u00f5es de trabalho e solu\u00e7\u00e3o de conflitos.<\/p><\/div>\n\n<div class=\"wp-block-column is-layout-flow wp-block-column-is-layout-flow\" style=\"flex-basis:33.33%\"><figure class=\"wp-block-image aligncenter size-full is-resized\"><img loading=\"lazy\" decoding=\"async\" width=\"954\" height=\"500\" src=\"https:\/\/jcamargoadvogados.com.br\/site\/wp-content\/uploads\/2025\/08\/02-Trabalhista.jpg\" alt=\"Foto que ilustra direito trabalhista e conta com uma m\u00e3o segurando uma carteira de trabalho.\" class=\"wp-image-98\" style=\"width:336px\" srcset=\"https:\/\/jcamargoadvogados.com.br\/site\/wp-content\/uploads\/2025\/08\/02-Trabalhista.jpg 954w, https:\/\/jcamargoadvogados.com.br\/site\/wp-content\/uploads\/2025\/08\/02-Trabalhista-300x157.jpg 300w, https:\/\/jcamargoadvogados.com.br\/site\/wp-content\/uploads\/2025\/08\/02-Trabalhista-768x403.jpg 768w\" sizes=\"(max-width: 954px) 100vw, 954px\" \/><\/figure><\/div><\/div><div class=\"wp-block-columns alignwide is-layout-flex wp-container-core-columns-is-layout-2f488682 wp-block-columns-is-layout-flex rbc-is-hidden-on-mobile\" style=\"padding-top:var(--wp--preset--spacing--20);padding-right:var(--wp--preset--spacing--50);padding-bottom:var(--wp--preset--spacing--20);padding-left:var(--wp--preset--spacing--50)\"><div class=\"wp-block-column is-layout-flow wp-block-column-is-layout-flow\" style=\"flex-basis:33.33%\"><figure class=\"wp-block-image aligncenter size-full is-resized\"><img loading=\"lazy\" decoding=\"async\" width=\"954\" height=\"500\" src=\"https:\/\/jcamargoadvogados.com.br\/site\/wp-content\/uploads\/2025\/08\/02-Contencioso-Massa.jpg\" alt=\"Foto que ilustra contencioso de massa e conta com um homem vestido de terno segurando algumas folhas de papel.\" class=\"wp-image-99\" style=\"width:336px;height:auto\" srcset=\"https:\/\/jcamargoadvogados.com.br\/site\/wp-content\/uploads\/2025\/08\/02-Contencioso-Massa.jpg 954w, https:\/\/jcamargoadvogados.com.br\/site\/wp-content\/uploads\/2025\/08\/02-Contencioso-Massa-300x157.jpg 300w, https:\/\/jcamargoadvogados.com.br\/site\/wp-content\/uploads\/2025\/08\/02-Contencioso-Massa-768x403.jpg 768w\" sizes=\"(max-width: 954px) 100vw, 954px\" \/><\/figure><\/div>\n\n<div class=\"wp-block-column is-vertically-aligned-center is-layout-flow wp-block-column-is-layout-flow\" style=\"flex-basis:66.66%\"><h2 class=\"wp-block-heading\"><strong><strong><strong><strong>Contencioso de Massa<\/strong><\/strong><\/strong><\/strong><\/h2>\n\n<p class=\"has-medium-font-size\">Gest\u00e3o <strong>eficiente e estrat\u00e9gica <\/strong>de processos de grande volume, garantindo redu\u00e7\u00e3o de riscos e otimiza\u00e7\u00e3o de resultados para empresas de diversos segmentos.<\/p><\/div><\/div><div class=\"wp-block-columns alignwide is-layout-flex wp-container-core-columns-is-layout-3e948d15 wp-block-columns-is-layout-flex rbc-is-hidden-on-wide  rbc-is-hidden-on-desktop rbc-is-hidden-on-tablet\" style=\"padding-top:var(--wp--preset--spacing--30);padding-right:var(--wp--preset--spacing--50);padding-bottom:var(--wp--preset--spacing--30);padding-left:var(--wp--preset--spacing--50)\"><div class=\"wp-block-column is-vertically-aligned-center has-background-background-color has-background is-layout-flow wp-block-column-is-layout-flow\" style=\"flex-basis:66.66%\"><div style=\"height:0px\" aria-hidden=\"true\" class=\"wp-block-spacer\"><\/div>\n\n<h2 class=\"wp-block-heading\"><strong><strong><strong><strong><strong><strong><strong><strong>Contencioso de Massa<\/strong><\/strong><\/strong><\/strong><\/strong><\/strong><\/strong><\/strong><\/h2>\n\n<p class=\"has-medium-font-size\">Gest\u00e3o <strong>eficiente e estrat\u00e9gica <\/strong>de processos de grande volume, garantindo redu\u00e7\u00e3o de riscos e otimiza\u00e7\u00e3o de resultados para empresas de diversos segmentos.<\/p><\/div>\n\n<div class=\"wp-block-column is-layout-flow wp-block-column-is-layout-flow\" style=\"flex-basis:33.33%\"><figure class=\"wp-block-image aligncenter size-full\"><img loading=\"lazy\" decoding=\"async\" width=\"954\" height=\"500\" src=\"https:\/\/jcamargoadvogados.com.br\/site\/wp-content\/uploads\/2025\/08\/02-Contencioso-Massa.jpg\" alt=\"\" class=\"wp-image-99\" srcset=\"https:\/\/jcamargoadvogados.com.br\/site\/wp-content\/uploads\/2025\/08\/02-Contencioso-Massa.jpg 954w, https:\/\/jcamargoadvogados.com.br\/site\/wp-content\/uploads\/2025\/08\/02-Contencioso-Massa-300x157.jpg 300w, https:\/\/jcamargoadvogados.com.br\/site\/wp-content\/uploads\/2025\/08\/02-Contencioso-Massa-768x403.jpg 768w\" sizes=\"(max-width: 954px) 100vw, 954px\" \/><\/figure><\/div><\/div><div class=\"wp-block-columns alignwide has-background is-layout-flex wp-container-core-columns-is-layout-3e948d15 wp-block-columns-is-layout-flex\" style=\"background-color:#e4e4e4;padding-top:var(--wp--preset--spacing--30);padding-right:var(--wp--preset--spacing--50);padding-bottom:var(--wp--preset--spacing--30);padding-left:var(--wp--preset--spacing--50)\"><div class=\"wp-block-column is-vertically-aligned-center has-background-background-color has-background is-layout-flow wp-block-column-is-layout-flow\" style=\"flex-basis:66.66%\"><div style=\"height:0px\" aria-hidden=\"true\" class=\"wp-block-spacer\"><\/div>\n\n<h2 class=\"wp-block-heading\"><strong><strong><strong><strong>Contencioso C\u00edvel<\/strong><\/strong><\/strong><\/strong><\/h2>\n\n<p class=\"has-medium-font-size\">Atua\u00e7\u00e3o em disputas contratuais, responsabilidade civil, direito do consumidor e outros lit\u00edgios c\u00edveis, com <strong>estrat\u00e9gias personalizadas <\/strong>para cada caso.<\/p><\/div>\n\n<div class=\"wp-block-column is-layout-flow wp-block-column-is-layout-flow\" style=\"flex-basis:33.33%\"><figure class=\"wp-block-image aligncenter size-full is-resized\"><img loading=\"lazy\" decoding=\"async\" width=\"954\" height=\"500\" src=\"https:\/\/jcamargoadvogados.com.br\/site\/wp-content\/uploads\/2025\/08\/02-Contencioso-Civel.jpg\" alt=\"Foto que ilustra contencioso c\u00edvel e conta com duas pessoas conversando, sendo uma mulher de camisa social e blazer e um homem de terno.\" class=\"wp-image-100\" style=\"width:336px\" srcset=\"https:\/\/jcamargoadvogados.com.br\/site\/wp-content\/uploads\/2025\/08\/02-Contencioso-Civel.jpg 954w, https:\/\/jcamargoadvogados.com.br\/site\/wp-content\/uploads\/2025\/08\/02-Contencioso-Civel-300x157.jpg 300w, https:\/\/jcamargoadvogados.com.br\/site\/wp-content\/uploads\/2025\/08\/02-Contencioso-Civel-768x403.jpg 768w\" sizes=\"(max-width: 954px) 100vw, 954px\" \/><\/figure><\/div><\/div><div class=\"wp-block-columns alignwide is-layout-flex wp-container-core-columns-is-layout-2f488682 wp-block-columns-is-layout-flex rbc-is-hidden-on-mobile\" style=\"padding-top:var(--wp--preset--spacing--20);padding-right:var(--wp--preset--spacing--50);padding-bottom:var(--wp--preset--spacing--20);padding-left:var(--wp--preset--spacing--50)\"><div class=\"wp-block-column is-layout-flow wp-block-column-is-layout-flow\" style=\"flex-basis:33.33%\"><figure class=\"wp-block-image aligncenter size-full is-resized\"><img loading=\"lazy\" decoding=\"async\" width=\"954\" height=\"500\" src=\"https:\/\/jcamargoadvogados.com.br\/site\/wp-content\/uploads\/2025\/08\/02-Compliance.jpg\" alt=\"Foto que ilustra compliance e conta com um homem de camisa social analisando.\" class=\"wp-image-101\" style=\"width:336px;height:auto\" srcset=\"https:\/\/jcamargoadvogados.com.br\/site\/wp-content\/uploads\/2025\/08\/02-Compliance.jpg 954w, https:\/\/jcamargoadvogados.com.br\/site\/wp-content\/uploads\/2025\/08\/02-Compliance-300x157.jpg 300w, https:\/\/jcamargoadvogados.com.br\/site\/wp-content\/uploads\/2025\/08\/02-Compliance-768x403.jpg 768w\" sizes=\"(max-width: 954px) 100vw, 954px\" \/><\/figure><\/div>\n\n<div class=\"wp-block-column is-vertically-aligned-center is-layout-flow wp-block-column-is-layout-flow\" style=\"flex-basis:66.66%\"><h2 class=\"wp-block-heading\"><strong><strong><strong><strong><strong><strong>Compliance<\/strong><\/strong><\/strong><\/strong><\/strong><\/strong><\/h2>\n\n<p class=\"has-medium-font-size\">Implementa\u00e7\u00e3o e adequa\u00e7\u00e3o de<strong> programas de compliance para empresas<\/strong>, mitigando riscos regulat\u00f3rios e garantindo conformidade com normas nacionais e internacionais.<\/p><\/div><\/div><div class=\"wp-block-columns alignwide is-layout-flex wp-container-core-columns-is-layout-3e948d15 wp-block-columns-is-layout-flex rbc-is-hidden-on-wide  rbc-is-hidden-on-desktop rbc-is-hidden-on-tablet\" style=\"padding-top:var(--wp--preset--spacing--30);padding-right:var(--wp--preset--spacing--50);padding-bottom:var(--wp--preset--spacing--30);padding-left:var(--wp--preset--spacing--50)\"><div class=\"wp-block-column is-vertically-aligned-center has-background-background-color has-background is-layout-flow wp-block-column-is-layout-flow\" style=\"flex-basis:66.66%\"><div style=\"height:0px\" aria-hidden=\"true\" class=\"wp-block-spacer\"><\/div>\n\n<h2 class=\"wp-block-heading\"><strong><strong><strong><strong><strong><strong><strong><strong><strong><strong><strong><strong><strong><strong>Compliance<\/strong><\/strong><\/strong><\/strong><\/strong><\/strong><\/strong><\/strong><\/strong><\/strong><\/strong><\/strong><\/strong><\/strong><\/h2>\n\n<p class=\"has-medium-font-size\">Implementa\u00e7\u00e3o e adequa\u00e7\u00e3o de<strong> programas de compliance para empresas<\/strong>, mitigando riscos regulat\u00f3rios e garantindo conformidade com normas nacionais e internacionais.<\/p><\/div>\n\n<div class=\"wp-block-column is-layout-flow wp-block-column-is-layout-flow\" style=\"flex-basis:33.33%\"><figure class=\"wp-block-image aligncenter size-full\"><img loading=\"lazy\" decoding=\"async\" width=\"954\" height=\"500\" src=\"https:\/\/jcamargoadvogados.com.br\/site\/wp-content\/uploads\/2025\/08\/02-Compliance.jpg\" alt=\"\" class=\"wp-image-101\" srcset=\"https:\/\/jcamargoadvogados.com.br\/site\/wp-content\/uploads\/2025\/08\/02-Compliance.jpg 954w, https:\/\/jcamargoadvogados.com.br\/site\/wp-content\/uploads\/2025\/08\/02-Compliance-300x157.jpg 300w, https:\/\/jcamargoadvogados.com.br\/site\/wp-content\/uploads\/2025\/08\/02-Compliance-768x403.jpg 768w\" sizes=\"(max-width: 954px) 100vw, 954px\" \/><\/figure><\/div><\/div><div class=\"wp-block-columns alignwide has-background is-layout-flex wp-container-core-columns-is-layout-3e948d15 wp-block-columns-is-layout-flex\" style=\"background-color:#e4e4e4;padding-top:var(--wp--preset--spacing--30);padding-right:var(--wp--preset--spacing--50);padding-bottom:var(--wp--preset--spacing--30);padding-left:var(--wp--preset--spacing--50)\"><div class=\"wp-block-column is-vertically-aligned-center has-background-background-color has-background is-layout-flow wp-block-column-is-layout-flow\" style=\"flex-basis:66.66%\"><div style=\"height:0px\" aria-hidden=\"true\" class=\"wp-block-spacer\"><\/div>\n\n<h2 class=\"wp-block-heading\"><strong><strong><strong><strong><strong>Contratos<\/strong><\/strong><\/strong><\/strong><\/strong><\/h2>\n\n<p class=\"has-medium-font-size\">Elabora\u00e7\u00e3o, revis\u00e3o e negocia\u00e7\u00e3o de contratos empresariais, comerciais e civis, assegurando <strong>seguran\u00e7a jur\u00eddica <\/strong>e prote\u00e7\u00e3o aos interesses de nossos clientes.<\/p><\/div>\n\n<div class=\"wp-block-column is-layout-flow wp-block-column-is-layout-flow\" style=\"flex-basis:33.33%\"><figure class=\"wp-block-image aligncenter size-full\"><img loading=\"lazy\" decoding=\"async\" width=\"954\" height=\"500\" src=\"https:\/\/jcamargoadvogados.com.br\/site\/wp-content\/uploads\/2025\/08\/02-Contratos.jpg\" alt=\"Foto que ilustra contratos e conta com uma m\u00e3o segurando uma caneta e assinando um contrato.\" class=\"wp-image-102\" srcset=\"https:\/\/jcamargoadvogados.com.br\/site\/wp-content\/uploads\/2025\/08\/02-Contratos.jpg 954w, https:\/\/jcamargoadvogados.com.br\/site\/wp-content\/uploads\/2025\/08\/02-Contratos-300x157.jpg 300w, https:\/\/jcamargoadvogados.com.br\/site\/wp-content\/uploads\/2025\/08\/02-Contratos-768x403.jpg 768w\" sizes=\"(max-width: 954px) 100vw, 954px\" \/><\/figure><\/div><\/div>","protected":false},"excerpt":{"rendered":"<p>\u00c1reas de Atua\u00e7\u00e3o Combinamos experi\u00eancia, estrat\u00e9gia e inova\u00e7\u00e3o para oferecer solu\u00e7\u00f5es jur\u00eddicas eficientes e personalizadas. Atuamos com excel\u00eancia em diversas \u00e1reas do Direito, sempre com foco na defesa dos interesses de nossos clientes. Direito Banc\u00e1rio Atua\u00e7\u00e3o consultiva e contenciosa para institui\u00e7\u00f5es financeiras e clientes corporativos. Direito Empresarial Protegemos e potencializamos o crescimento do seu neg\u00f3cio, [&hellip;]<\/p>\n","protected":false},"author":1,"featured_media":0,"parent":0,"menu_order":0,"comment_status":"closed","ping_status":"closed","template":"","meta":{"footnotes":""},"class_list":["post-93","page","type-page","status-publish","hentry"],"_links":{"self":[{"href":"https:\/\/jcamargoadvogados.com.br\/site\/wp-json\/wp\/v2\/pages\/93","targetHints":{"allow":["GET"]}}],"collection":[{"href":"https:\/\/jcamargoadvogados.com.br\/site\/wp-json\/wp\/v2\/pages"}],"about":[{"href":"https:\/\/jcamargoadvogados.com.br\/site\/wp-json\/wp\/v2\/types\/page"}],"author":[{"embeddable":true,"href":"https:\/\/jcamargoadvogados.com.br\/site\/wp-json\/wp\/v2\/users\/1"}],"replies":[{"embeddable":true,"href":"https:\/\/jcamargoadvogados.com.br\/site\/wp-json\/wp\/v2\/comments?post=93"}],"version-history":[{"count":18,"href":"https:\/\/jcamargoadvogados.com.br\/site\/wp-json\/wp\/v2\/pages\/93\/revisions"}],"predecessor-version":[{"id":372,"href":"https:\/\/jcamargoadvogados.com.br\/site\/wp-json\/wp\/v2\/pages\/93\/revisions\/372"}],"wp:attachment":[{"href":"https:\/\/jcamargoadvogados.com.br\/site\/wp-json\/wp\/v2\/media?parent=93"}],"curies":[{"name":"wp","href":"https:\/\/api.w.org\/{rel}","templated":true}]}}